{"id":23,"date":"2023-02-06T14:32:43","date_gmt":"2023-02-06T13:32:43","guid":{"rendered":"https:\/\/guido-roedder.de\/sammelseite\/?page_id=23"},"modified":"2025-10-07T15:34:53","modified_gmt":"2025-10-07T13:34:53","slug":"kontakt","status":"publish","type":"page","link":"https:\/\/guido-roedder.de\/sammelseite\/","title":{"rendered":"Kontakt"},"content":{"rendered":"\n<p>Unsere Seite bekommt ein Facelifting und ist daher im Moment nicht zu erreichen.<\/p>\n\n\n\n<p>Bei Fragen k\u00f6nnen Sie gerne Kontakt aufnehmen:<br>Guido R\u00f6dder &#8211; Weidenweg 11 &#8211; 51545 Waldbr\u00f6l &#8211; mailto: info@guido-roedder.de<\/p>\n\n\n\n<p><a href=\"https:\/\/guido-roedder.de\/sammelseite\/startseite\/\" data-type=\"page\" data-id=\"21\">Alle die ein <strong>Impressum<\/strong> suchen klicken auf diese Zeile<\/a> \ud83d\ude42<\/p>\n\n\n\n<p><\/p>\n","protected":false},"excerpt":{"rendered":"<p>Unsere Seite bekommt ein Facelifting und ist daher im Moment nicht zu erreichen. Bei Fragen k\u00f6nnen Sie gerne Kontakt aufnehmen:Guido R\u00f6dder &#8211; Weidenweg 11 &#8211; 51545 Waldbr\u00f6l &#8211; mailto: info@guido-roedder.de Alle die ein Impressum suchen klicken auf diese Zeile \ud83d\ude42<\/p>\n","protected":false},"author":1,"featured_media":0,"parent":0,"menu_order":0,"comment_status":"closed","ping_status":"closed","template":"","meta":{"footnotes":""},"class_list":["post-23","page","type-page","status-publish","hentry"],"_links":{"self":[{"href":"https:\/\/guido-roedder.de\/sammelseite\/wp-json\/wp\/v2\/pages\/23","targetHints":{"allow":["GET"]}}],"collection":[{"href":"https:\/\/guido-roedder.de\/sammelseite\/wp-json\/wp\/v2\/pages"}],"about":[{"href":"https:\/\/guido-roedder.de\/sammelseite\/wp-json\/wp\/v2\/types\/page"}],"author":[{"embeddable":true,"href":"https:\/\/guido-roedder.de\/sammelseite\/wp-json\/wp\/v2\/users\/1"}],"replies":[{"embeddable":true,"href":"https:\/\/guido-roedder.de\/sammelseite\/wp-json\/wp\/v2\/comments?post=23"}],"version-history":[{"count":5,"href":"https:\/\/guido-roedder.de\/sammelseite\/wp-json\/wp\/v2\/pages\/23\/revisions"}],"predecessor-version":[{"id":70,"href":"https:\/\/guido-roedder.de\/sammelseite\/wp-json\/wp\/v2\/pages\/23\/revisions\/70"}],"wp:attachment":[{"href":"https:\/\/guido-roedder.de\/sammelseite\/wp-json\/wp\/v2\/media?parent=23"}],"curies":[{"name":"wp","href":"https:\/\/api.w.org\/{rel}","templated":true}]}}